{"id":738,"date":"2022-05-09T11:56:23","date_gmt":"2022-05-09T14:56:23","guid":{"rendered":"https:\/\/www.protea.org.br\/?page_id=738"},"modified":"2022-10-03T01:43:38","modified_gmt":"2022-10-03T04:43:38","slug":"conselho-medico","status":"publish","type":"page","link":"https:\/\/www.protea.org.br\/en\/conselho-medico\/","title":{"rendered":"Medical Board"},"content":{"rendered":"<div data-elementor-type=\"wp-page\" data-elementor-id=\"738\" class=\"elementor elementor-738\" data-elementor-post-type=\"page\">\n\t\t\t\t\t\t<section class=\"elementor-section elementor-top-section elementor-element elementor-element-3335ff6 elementor-section-boxed elementor-section-height-default elementor-section-height-default\" data-id=\"3335ff6\" data-element_type=\"section\" data-e-type=\"section\" data-settings=\"{&quot;background_background&quot;:&quot;classic&quot;}\">\n\t\t\t\t\t\t<div class=\"elementor-container elementor-column-gap-default\">\n\t\t\t\t\t<div class=\"elementor-column elementor-col-100 elementor-top-column elementor-element elementor-element-f148b05\" data-id=\"f148b05\" data-element_type=\"column\" data-e-type=\"column\">\n\t\t\t<div class=\"elementor-widget-wrap elementor-element-populated\">\n\t\t\t\t\t\t<div class=\"elementor-element elementor-element-bce0ac8 elementor-widget elementor-widget-image\" data-id=\"bce0ac8\" data-element_type=\"widget\" data-e-type=\"widget\" data-widget_type=\"image.default\">\n\t\t\t\t<div class=\"elementor-widget-container\">\n\t\t\t\t\t\t\t\t\t\t\t\t\t\t\t<img fetchpriority=\"high\" decoding=\"async\" width=\"313\" height=\"352\" src=\"https:\/\/www.protea.org.br\/wp-content\/uploads\/2022\/04\/icon-protea-3.png\" class=\"attachment-large size-large wp-image-129\" alt=\"\" srcset=\"https:\/\/www.protea.org.br\/wp-content\/uploads\/2022\/04\/icon-protea-3.png 313w, https:\/\/www.protea.org.br\/wp-content\/uploads\/2022\/04\/icon-protea-3-267x300.png 267w\" sizes=\"(max-width: 313px) 100vw, 313px\" \/>\t\t\t\t\t\t\t\t\t\t\t\t\t\t\t<\/div>\n\t\t\t\t<\/div>\n\t\t\t\t<div class=\"elementor-element elementor-element-7c4bd13 elementor-widget elementor-widget-heading\" data-id=\"7c4bd13\" data-element_type=\"widget\" data-e-type=\"widget\" data-widget_type=\"heading.default\">\n\t\t\t\t<div class=\"elementor-widget-container\">\n\t\t\t\t\t<h2 class=\"elementor-heading-title elementor-size-default\">Medical Board<\/h2>\t\t\t\t<\/div>\n\t\t\t\t<\/div>\n\t\t\t\t\t<\/div>\n\t\t<\/div>\n\t\t\t\t\t<\/div>\n\t\t<\/section>\n\t\t\t\t<section class=\"elementor-section elementor-top-section elementor-element elementor-element-278cfc6 elementor-section-boxed elementor-section-height-default elementor-section-height-default\" data-id=\"278cfc6\" data-element_type=\"section\" data-e-type=\"section\" data-settings=\"{&quot;background_background&quot;:&quot;classic&quot;}\">\n\t\t\t\t\t\t<div class=\"elementor-container elementor-column-gap-default\">\n\t\t\t\t\t<div class=\"elementor-column elementor-col-100 elementor-top-column elementor-element elementor-element-85c0d01\" data-id=\"85c0d01\" data-element_type=\"column\" data-e-type=\"column\">\n\t\t\t<div class=\"elementor-widget-wrap elementor-element-populated\">\n\t\t\t\t\t\t<div class=\"elementor-element elementor-element-c645bf9 elementor-widget elementor-widget-text-editor\" data-id=\"c645bf9\" data-element_type=\"widget\" data-e-type=\"widget\" data-widget_type=\"text-editor.default\">\n\t\t\t\t<div class=\"elementor-widget-container\">\n\t\t\t\t\t\t\t\t\t<p>Our Medical Board is made up of some of the most renowned breast cancer and cancer specialists in Brazil. Our dear medical volunteers donate their wisdom and professional experience to guide us in strategic decisions regarding our Health Projects at the hospitals where we work!<\/p>\t\t\t\t\t\t\t\t<\/div>\n\t\t\t\t<\/div>\n\t\t\t\t\t<\/div>\n\t\t<\/div>\n\t\t\t\t\t<\/div>\n\t\t<\/section>\n\t\t\t\t<section class=\"elementor-section elementor-top-section elementor-element elementor-element-bddc0f2 elementor-section-boxed elementor-section-height-default elementor-section-height-default\" data-id=\"bddc0f2\" data-element_type=\"section\" data-e-type=\"section\" data-settings=\"{&quot;background_background&quot;:&quot;classic&quot;}\">\n\t\t\t\t\t\t<div class=\"elementor-container elementor-column-gap-default\">\n\t\t\t\t\t<div class=\"elementor-column elementor-col-100 elementor-top-column elementor-element elementor-element-64bdd56\" data-id=\"64bdd56\" data-element_type=\"column\" data-e-type=\"column\">\n\t\t\t<div class=\"elementor-widget-wrap elementor-element-populated\">\n\t\t\t\t\t\t<div class=\"elementor-element elementor-element-34a4b3e elementor-widget-divider--view-line elementor-widget elementor-widget-divider\" data-id=\"34a4b3e\" data-element_type=\"widget\" data-e-type=\"widget\" data-widget_type=\"divider.default\">\n\t\t\t\t<div class=\"elementor-widget-container\">\n\t\t\t\t\t\t\t<div class=\"elementor-divider\">\n\t\t\t<span class=\"elementor-divider-separator\">\n\t\t\t\t\t\t<\/span>\n\t\t<\/div>\n\t\t\t\t\t\t<\/div>\n\t\t\t\t<\/div>\n\t\t\t\t<div class=\"elementor-element elementor-element-2246a7f elementor-widget elementor-widget-heading\" data-id=\"2246a7f\" data-element_type=\"widget\" data-e-type=\"widget\" data-widget_type=\"heading.default\">\n\t\t\t\t<div class=\"elementor-widget-container\">\n\t\t\t\t\t<h2 class=\"elementor-heading-title elementor-size-default\">Advisory Board<\/h2>\t\t\t\t<\/div>\n\t\t\t\t<\/div>\n\t\t\t\t<div class=\"elementor-element elementor-element-ee3330f elementor-widget elementor-widget-text-editor\" data-id=\"ee3330f\" data-element_type=\"widget\" data-e-type=\"widget\" data-widget_type=\"text-editor.default\">\n\t\t\t\t<div class=\"elementor-widget-container\">\n\t\t\t\t\t\t\t\t\t<p>To help us in our strategic decisions, we count on our dear specialist professionals, each in their area of expertise (Third Sector, Fundraising, Events, Communication). Many of them have had Breast Cancer and have experienced the challenges of fighting the disease.<\/p>\t\t\t\t\t\t\t\t<\/div>\n\t\t\t\t<\/div>\n\t\t\t\t\t<\/div>\n\t\t<\/div>\n\t\t\t\t\t<\/div>\n\t\t<\/section>\n\t\t\t\t<section class=\"elementor-section elementor-top-section elementor-element elementor-element-1a46bad elementor-section-boxed elementor-section-height-default elementor-section-height-default\" data-id=\"1a46bad\" data-element_type=\"section\" data-e-type=\"section\" data-settings=\"{&quot;background_background&quot;:&quot;classic&quot;}\">\n\t\t\t\t\t\t<div class=\"elementor-container elementor-column-gap-default\">\n\t\t\t\t\t<div class=\"elementor-column elementor-col-100 elementor-top-column elementor-element elementor-element-f71f643\" data-id=\"f71f643\" data-element_type=\"column\" data-e-type=\"column\">\n\t\t\t<div class=\"elementor-widget-wrap elementor-element-populated\">\n\t\t\t\t\t\t<div class=\"elementor-element elementor-element-67f8cda elementor-widget-divider--view-line elementor-widget elementor-widget-divider\" data-id=\"67f8cda\" data-element_type=\"widget\" data-e-type=\"widget\" data-widget_type=\"divider.default\">\n\t\t\t\t<div class=\"elementor-widget-container\">\n\t\t\t\t\t\t\t<div class=\"elementor-divider\">\n\t\t\t<span class=\"elementor-divider-separator\">\n\t\t\t\t\t\t<\/span>\n\t\t<\/div>\n\t\t\t\t\t\t<\/div>\n\t\t\t\t<\/div>\n\t\t\t\t<div class=\"elementor-element elementor-element-f6144ef elementor-widget elementor-widget-heading\" data-id=\"f6144ef\" data-element_type=\"widget\" data-e-type=\"widget\" data-widget_type=\"heading.default\">\n\t\t\t\t<div class=\"elementor-widget-container\">\n\t\t\t\t\t<h2 class=\"elementor-heading-title elementor-size-default\">Audit Committee<\/h2>\t\t\t\t<\/div>\n\t\t\t\t<\/div>\n\t\t\t\t<div class=\"elementor-element elementor-element-781b531 elementor-widget elementor-widget-spacer\" data-id=\"781b531\" data-element_type=\"widget\" data-e-type=\"widget\" data-widget_type=\"spacer.default\">\n\t\t\t\t<div class=\"elementor-widget-container\">\n\t\t\t\t\t\t\t<div class=\"elementor-spacer\">\n\t\t\t<div class=\"elementor-spacer-inner\"><\/div>\n\t\t<\/div>\n\t\t\t\t\t\t<\/div>\n\t\t\t\t<\/div>\n\t\t\t\t\t<\/div>\n\t\t<\/div>\n\t\t\t\t\t<\/div>\n\t\t<\/section>\n\t\t\t\t<\/div>","protected":false},"excerpt":{"rendered":"<p>Conselho M\u00e9dico Nosso Conselho M\u00e9dico \u00e9 formado por alguns dos especialistas em c\u00e2ncer de mama e c\u00e2ncer mais renomados do Brasil. Nossos queridos m\u00e9dicos volunt\u00e1rios doam sua sabedoria e experi\u00eancia profissional para nos guiar em decis\u00f5es estrat\u00e9gicas com rela\u00e7\u00e3o aos nossos Projetos de Sa\u00fade nos hospitais em que atuamos! Conselho Consultivo Para nos ajudar em [&hellip;]<\/p>\n","protected":false},"author":6,"featured_media":0,"parent":0,"menu_order":0,"comment_status":"closed","ping_status":"closed","template":"elementor_header_footer","meta":{"iawp_total_views":240,"footnotes":""},"class_list":["post-738","page","type-page","status-publish","hentry"],"yoast_head":"<!-- This site is optimized with the Yoast SEO plugin v27.6 - https:\/\/yoast.com\/product\/yoast-seo-wordpress\/ -->\n<title>Conselho M\u00e9dico - Protea<\/title>\n<meta name=\"robots\" content=\"index, follow, max-snippet:-1, max-image-preview:large, max-video-preview:-1\" \/>\n<link rel=\"canonical\" href=\"https:\/\/www.protea.org.br\/en\/conselho-medico\/\" \/>\n<meta property=\"og:locale\" content=\"en_US\" \/>\n<meta property=\"og:type\" content=\"article\" \/>\n<meta property=\"og:title\" content=\"Conselho M\u00e9dico - Protea\" \/>\n<meta property=\"og:description\" content=\"Conselho M\u00e9dico Nosso Conselho M\u00e9dico \u00e9 formado por alguns dos especialistas em c\u00e2ncer de mama e c\u00e2ncer mais renomados do Brasil. Nossos queridos m\u00e9dicos volunt\u00e1rios doam sua sabedoria e experi\u00eancia profissional para nos guiar em decis\u00f5es estrat\u00e9gicas com rela\u00e7\u00e3o aos nossos Projetos de Sa\u00fade nos hospitais em que atuamos! Conselho Consultivo Para nos ajudar em [&hellip;]\" \/>\n<meta property=\"og:url\" content=\"https:\/\/www.protea.org.br\/en\/conselho-medico\/\" \/>\n<meta property=\"og:site_name\" content=\"Protea\" \/>\n<meta property=\"article:modified_time\" content=\"2022-10-03T04:43:38+00:00\" \/>\n<meta property=\"og:image\" content=\"https:\/\/www.protea.org.br\/wp-content\/uploads\/2022\/04\/icon-protea-3.png\" \/>\n<meta name=\"twitter:card\" content=\"summary_large_image\" \/>\n<meta name=\"twitter:label1\" content=\"Est. reading time\" \/>\n\t<meta name=\"twitter:data1\" content=\"27 minutes\" \/>\n<script type=\"application\/ld+json\" class=\"yoast-schema-graph\">{\"@context\":\"https:\\\/\\\/schema.org\",\"@graph\":[{\"@type\":\"WebPage\",\"@id\":\"https:\\\/\\\/www.protea.org.br\\\/conselho-medico\\\/\",\"url\":\"https:\\\/\\\/www.protea.org.br\\\/conselho-medico\\\/\",\"name\":\"Conselho M\u00e9dico - Protea\",\"isPartOf\":{\"@id\":\"https:\\\/\\\/www.protea.org.br\\\/#website\"},\"primaryImageOfPage\":{\"@id\":\"https:\\\/\\\/www.protea.org.br\\\/conselho-medico\\\/#primaryimage\"},\"image\":{\"@id\":\"https:\\\/\\\/www.protea.org.br\\\/conselho-medico\\\/#primaryimage\"},\"thumbnailUrl\":\"https:\\\/\\\/www.protea.org.br\\\/wp-content\\\/uploads\\\/2022\\\/04\\\/icon-protea-3.png\",\"datePublished\":\"2022-05-09T14:56:23+00:00\",\"dateModified\":\"2022-10-03T04:43:38+00:00\",\"breadcrumb\":{\"@id\":\"https:\\\/\\\/www.protea.org.br\\\/conselho-medico\\\/#breadcrumb\"},\"inLanguage\":\"en-US\",\"potentialAction\":[{\"@type\":\"ReadAction\",\"target\":[\"https:\\\/\\\/www.protea.org.br\\\/conselho-medico\\\/\"]}]},{\"@type\":\"ImageObject\",\"inLanguage\":\"en-US\",\"@id\":\"https:\\\/\\\/www.protea.org.br\\\/conselho-medico\\\/#primaryimage\",\"url\":\"https:\\\/\\\/www.protea.org.br\\\/wp-content\\\/uploads\\\/2022\\\/04\\\/icon-protea-3.png\",\"contentUrl\":\"https:\\\/\\\/www.protea.org.br\\\/wp-content\\\/uploads\\\/2022\\\/04\\\/icon-protea-3.png\"},{\"@type\":\"BreadcrumbList\",\"@id\":\"https:\\\/\\\/www.protea.org.br\\\/conselho-medico\\\/#breadcrumb\",\"itemListElement\":[{\"@type\":\"ListItem\",\"position\":1,\"name\":\"In\u00edcio\",\"item\":\"https:\\\/\\\/www.protea.org.br\\\/\"},{\"@type\":\"ListItem\",\"position\":2,\"name\":\"Conselho M\u00e9dico\"}]},{\"@type\":\"WebSite\",\"@id\":\"https:\\\/\\\/www.protea.org.br\\\/#website\",\"url\":\"https:\\\/\\\/www.protea.org.br\\\/\",\"name\":\"Protea\",\"description\":\"Tudo pela cura do c\u00e2ncer de mama!\",\"publisher\":{\"@id\":\"https:\\\/\\\/www.protea.org.br\\\/#organization\"},\"potentialAction\":[{\"@type\":\"SearchAction\",\"target\":{\"@type\":\"EntryPoint\",\"urlTemplate\":\"https:\\\/\\\/www.protea.org.br\\\/?s={search_term_string}\"},\"query-input\":{\"@type\":\"PropertyValueSpecification\",\"valueRequired\":true,\"valueName\":\"search_term_string\"}}],\"inLanguage\":\"en-US\"},{\"@type\":\"Organization\",\"@id\":\"https:\\\/\\\/www.protea.org.br\\\/#organization\",\"name\":\"Protea\",\"url\":\"https:\\\/\\\/www.protea.org.br\\\/\",\"logo\":{\"@type\":\"ImageObject\",\"inLanguage\":\"en-US\",\"@id\":\"https:\\\/\\\/www.protea.org.br\\\/#\\\/schema\\\/logo\\\/image\\\/\",\"url\":\"https:\\\/\\\/www.protea.org.br\\\/wp-content\\\/uploads\\\/2022\\\/04\\\/protea-logotipo.png\",\"contentUrl\":\"https:\\\/\\\/www.protea.org.br\\\/wp-content\\\/uploads\\\/2022\\\/04\\\/protea-logotipo.png\",\"width\":1222,\"height\":363,\"caption\":\"Protea\"},\"image\":{\"@id\":\"https:\\\/\\\/www.protea.org.br\\\/#\\\/schema\\\/logo\\\/image\\\/\"}}]}<\/script>\n<!-- \/ Yoast SEO plugin. -->","yoast_head_json":{"title":"Conselho M\u00e9dico - Protea","robots":{"index":"index","follow":"follow","max-snippet":"max-snippet:-1","max-image-preview":"max-image-preview:large","max-video-preview":"max-video-preview:-1"},"canonical":"https:\/\/www.protea.org.br\/en\/conselho-medico\/","og_locale":"en_US","og_type":"article","og_title":"Conselho M\u00e9dico - Protea","og_description":"Conselho M\u00e9dico Nosso Conselho M\u00e9dico \u00e9 formado por alguns dos especialistas em c\u00e2ncer de mama e c\u00e2ncer mais renomados do Brasil. Nossos queridos m\u00e9dicos volunt\u00e1rios doam sua sabedoria e experi\u00eancia profissional para nos guiar em decis\u00f5es estrat\u00e9gicas com rela\u00e7\u00e3o aos nossos Projetos de Sa\u00fade nos hospitais em que atuamos! Conselho Consultivo Para nos ajudar em [&hellip;]","og_url":"https:\/\/www.protea.org.br\/en\/conselho-medico\/","og_site_name":"Protea","article_modified_time":"2022-10-03T04:43:38+00:00","og_image":[{"url":"https:\/\/www.protea.org.br\/wp-content\/uploads\/2022\/04\/icon-protea-3.png","type":"","width":"","height":""}],"twitter_card":"summary_large_image","twitter_misc":{"Est. reading time":"27 minutes"},"schema":{"@context":"https:\/\/schema.org","@graph":[{"@type":"WebPage","@id":"https:\/\/www.protea.org.br\/conselho-medico\/","url":"https:\/\/www.protea.org.br\/conselho-medico\/","name":"Conselho M\u00e9dico - Protea","isPartOf":{"@id":"https:\/\/www.protea.org.br\/#website"},"primaryImageOfPage":{"@id":"https:\/\/www.protea.org.br\/conselho-medico\/#primaryimage"},"image":{"@id":"https:\/\/www.protea.org.br\/conselho-medico\/#primaryimage"},"thumbnailUrl":"https:\/\/www.protea.org.br\/wp-content\/uploads\/2022\/04\/icon-protea-3.png","datePublished":"2022-05-09T14:56:23+00:00","dateModified":"2022-10-03T04:43:38+00:00","breadcrumb":{"@id":"https:\/\/www.protea.org.br\/conselho-medico\/#breadcrumb"},"inLanguage":"en-US","potentialAction":[{"@type":"ReadAction","target":["https:\/\/www.protea.org.br\/conselho-medico\/"]}]},{"@type":"ImageObject","inLanguage":"en-US","@id":"https:\/\/www.protea.org.br\/conselho-medico\/#primaryimage","url":"https:\/\/www.protea.org.br\/wp-content\/uploads\/2022\/04\/icon-protea-3.png","contentUrl":"https:\/\/www.protea.org.br\/wp-content\/uploads\/2022\/04\/icon-protea-3.png"},{"@type":"BreadcrumbList","@id":"https:\/\/www.protea.org.br\/conselho-medico\/#breadcrumb","itemListElement":[{"@type":"ListItem","position":1,"name":"In\u00edcio","item":"https:\/\/www.protea.org.br\/"},{"@type":"ListItem","position":2,"name":"Conselho M\u00e9dico"}]},{"@type":"WebSite","@id":"https:\/\/www.protea.org.br\/#website","url":"https:\/\/www.protea.org.br\/","name":"The Protea","description":"Tudo pela cura do c\u00e2ncer de mama!","publisher":{"@id":"https:\/\/www.protea.org.br\/#organization"},"potentialAction":[{"@type":"SearchAction","target":{"@type":"EntryPoint","urlTemplate":"https:\/\/www.protea.org.br\/?s={search_term_string}"},"query-input":{"@type":"PropertyValueSpecification","valueRequired":true,"valueName":"search_term_string"}}],"inLanguage":"en-US"},{"@type":"Organization","@id":"https:\/\/www.protea.org.br\/#organization","name":"The Protea","url":"https:\/\/www.protea.org.br\/","logo":{"@type":"ImageObject","inLanguage":"en-US","@id":"https:\/\/www.protea.org.br\/#\/schema\/logo\/image\/","url":"https:\/\/www.protea.org.br\/wp-content\/uploads\/2022\/04\/protea-logotipo.png","contentUrl":"https:\/\/www.protea.org.br\/wp-content\/uploads\/2022\/04\/protea-logotipo.png","width":1222,"height":363,"caption":"Protea"},"image":{"@id":"https:\/\/www.protea.org.br\/#\/schema\/logo\/image\/"}}]}},"_links":{"self":[{"href":"https:\/\/www.protea.org.br\/en\/wp-json\/wp\/v2\/pages\/738","targetHints":{"allow":["GET"]}}],"collection":[{"href":"https:\/\/www.protea.org.br\/en\/wp-json\/wp\/v2\/pages"}],"about":[{"href":"https:\/\/www.protea.org.br\/en\/wp-json\/wp\/v2\/types\/page"}],"author":[{"embeddable":true,"href":"https:\/\/www.protea.org.br\/en\/wp-json\/wp\/v2\/users\/6"}],"replies":[{"embeddable":true,"href":"https:\/\/www.protea.org.br\/en\/wp-json\/wp\/v2\/comments?post=738"}],"version-history":[{"count":13,"href":"https:\/\/www.protea.org.br\/en\/wp-json\/wp\/v2\/pages\/738\/revisions"}],"predecessor-version":[{"id":2164,"href":"https:\/\/www.protea.org.br\/en\/wp-json\/wp\/v2\/pages\/738\/revisions\/2164"}],"wp:attachment":[{"href":"https:\/\/www.protea.org.br\/en\/wp-json\/wp\/v2\/media?parent=738"}],"curies":[{"name":"wp","href":"https:\/\/api.w.org\/{rel}","templated":true}]}}