{"id":6729,"date":"2025-08-27T11:30:21","date_gmt":"2025-08-27T14:30:21","guid":{"rendered":"https:\/\/www.protea.org.br\/?page_id=6729"},"modified":"2025-09-16T17:20:15","modified_gmt":"2025-09-16T20:20:15","slug":"protea-tennis-cup","status":"publish","type":"page","link":"https:\/\/www.protea.org.br\/en\/protea-tennis-cup\/","title":{"rendered":"Protea Tennis Cup"},"content":{"rendered":"<div data-elementor-type=\"wp-page\" data-elementor-id=\"6729\" class=\"elementor elementor-6729\" data-elementor-post-type=\"page\">\n\t\t\t\t<div class=\"elementor-element elementor-element-539bd28 e-con-full e-flex e-con e-parent\" data-id=\"539bd28\" data-element_type=\"container\" data-e-type=\"container\" data-settings=\"{&quot;background_background&quot;:&quot;classic&quot;}\">\n\t\t<div class=\"elementor-element elementor-element-c480e4d e-flex e-con-boxed e-con e-child\" data-id=\"c480e4d\" data-element_type=\"container\" data-e-type=\"container\">\n\t\t\t\t\t<div class=\"e-con-inner\">\n\t\t<div class=\"elementor-element elementor-element-3a60c6b e-con-full e-flex e-con e-child\" data-id=\"3a60c6b\" data-element_type=\"container\" data-e-type=\"container\">\n\t\t\t\t<div class=\"elementor-element elementor-element-b007d53 elementor-widget elementor-widget-text-editor\" data-id=\"b007d53\" data-element_type=\"widget\" data-e-type=\"widget\" data-widget_type=\"text-editor.default\">\n\t\t\t\t<div class=\"elementor-widget-container\">\n\t\t\t\t\t\t\t\t\t<p style=\"text-align: left;\"><b>Protea Tennis Cup<\/b><\/p>\t\t\t\t\t\t\t\t<\/div>\n\t\t\t\t<\/div>\n\t\t\t\t<div class=\"elementor-element elementor-element-d251c54 elementor-widget elementor-widget-text-editor\" data-id=\"d251c54\" data-element_type=\"widget\" data-e-type=\"widget\" data-widget_type=\"text-editor.default\">\n\t\t\t\t<div class=\"elementor-widget-container\">\n\t\t\t\t\t\t\t\t\t<p style=\"font-weight: 400;\">Nos meses de abril e agosto de 2024, com dura\u00e7\u00e3o de 3 dias, o Protea e a LIAK Eventos realizaram o torneio Protea Tennis Cup para 100 tenistas.<\/p>\t\t\t\t\t\t\t\t<\/div>\n\t\t\t\t<\/div>\n\t\t\t\t<\/div>\n\t\t\t\t\t<\/div>\n\t\t\t\t<\/div>\n\t\t\t\t<\/div>\n\t\t<div class=\"elementor-element elementor-element-267721c e-flex e-con-boxed e-con e-parent\" data-id=\"267721c\" data-element_type=\"container\" data-e-type=\"container\">\n\t\t\t\t\t<div class=\"e-con-inner\">\n\t\t<div class=\"elementor-element elementor-element-b667f9c e-con-full e-flex e-con e-child\" data-id=\"b667f9c\" data-element_type=\"container\" data-e-type=\"container\" data-settings=\"{&quot;background_background&quot;:&quot;classic&quot;}\">\n\t\t\t\t<div class=\"elementor-element elementor-element-6290c65 accordion-up elementor-widget elementor-widget-n-accordion\" data-id=\"6290c65\" data-element_type=\"widget\" data-e-type=\"widget\" data-settings=\"{&quot;default_state&quot;:&quot;all_collapsed&quot;,&quot;n_accordion_animation_duration&quot;:{&quot;unit&quot;:&quot;ms&quot;,&quot;size&quot;:300,&quot;sizes&quot;:[]},&quot;max_items_expended&quot;:&quot;one&quot;}\" data-widget_type=\"nested-accordion.default\">\n\t\t\t\t<div class=\"elementor-widget-container\">\n\t\t\t\t\t\t\t<div class=\"e-n-accordion\" aria-label=\"Accordion. Open links with Enter or Space, close with Escape, and navigate with Arrow Keys\">\n\t\t\t\t\t\t<details id=\"e-n-accordion-item-1030\" class=\"e-n-accordion-item\" >\n\t\t\t\t<summary class=\"e-n-accordion-item-title\" data-accordion-index=\"1\" tabindex=\"0\" aria-expanded=\"false\" aria-controls=\"e-n-accordion-item-1030\" >\n\t\t\t\t\t<span class='e-n-accordion-item-title-header'><div class=\"e-n-accordion-item-title-text\"> Donate  <\/div><\/span>\n\t\t\t\t\t\t\t<span class='e-n-accordion-item-title-icon'>\n\t\t\t<span class='e-opened' ><i aria-hidden=\"true\" class=\"fas fa-angle-down\"><\/i><\/span>\n\t\t\t<span class='e-closed'><i aria-hidden=\"true\" class=\"fas fa-angle-up\"><\/i><\/span>\n\t\t<\/span>\n\n\t\t\t\t\t\t<\/summary>\n\t\t\t\t<div role=\"region\" aria-labelledby=\"e-n-accordion-item-1030\" class=\"elementor-element elementor-element-8afca5a e-con-full e-flex e-con e-child\" data-id=\"8afca5a\" data-element_type=\"container\" data-e-type=\"container\" data-settings=\"{&quot;background_background&quot;:&quot;classic&quot;}\">\n\t\t<div role=\"region\" aria-labelledby=\"e-n-accordion-item-1030\" class=\"elementor-element elementor-element-24c714a e-flex e-con-boxed e-con e-child\" data-id=\"24c714a\" data-element_type=\"container\" data-e-type=\"container\">\n\t\t\t\t\t<div class=\"e-con-inner\">\n\t\t\t\t<div class=\"elementor-element elementor-element-6d65f58 e-n-tabs-mobile elementor-widget elementor-widget-n-tabs\" data-id=\"6d65f58\" data-element_type=\"widget\" data-e-type=\"widget\" data-settings=\"{&quot;tabs_justify_horizontal&quot;:&quot;stretch&quot;,&quot;horizontal_scroll&quot;:&quot;disable&quot;}\" data-widget_type=\"nested-tabs.default\">\n\t\t\t\t<div class=\"elementor-widget-container\">\n\t\t\t\t\t\t\t<div class=\"e-n-tabs\" data-widget-number=\"114712408\" aria-label=\"Tabs. Open items with Enter or Space, close with Escape and navigate using the Arrow keys.\">\n\t\t\t<div class=\"e-n-tabs-heading\" role=\"tablist\">\n\t\t\t\t\t<button id=\"e-n-tab-title-1147124081\" data-tab-title-id=\"e-n-tab-title-1147124081\" class=\"e-n-tab-title\" aria-selected=\"true\" data-tab-index=\"1\" role=\"tab\" tabindex=\"0\" aria-controls=\"e-n-tab-content-1147124081\" style=\"--n-tabs-title-order: 1;\">\n\t\t\t\t\t\t<span class=\"e-n-tab-title-text\">\n\t\t\t\t\t\t\t<\/span>\n\t\t<\/button>\n\t\t\t\t\t<\/div>\n\t\t\t<div class=\"e-n-tabs-content\">\n\t\t\t\t<div role=\"region tabpanel\" aria-labelledby=\"e-n-accordion-item-1030 e-n-tab-title-1147124081\" id=\"e-n-tab-content-1147124081\" data-tab-index=\"1\" style=\"--n-tabs-title-order: 1;\" class=\"e-active elementor-element elementor-element-ab7d49d e-con-full e-flex e-con e-child\" data-id=\"ab7d49d\" data-element_type=\"container\" data-e-type=\"container\">\n\t\t<div role=\"region\" aria-labelledby=\"e-n-accordion-item-1030\" class=\"elementor-element elementor-element-17e0e05 e-flex e-con-boxed e-con e-child\" data-id=\"17e0e05\" data-element_type=\"container\" data-e-type=\"container\">\n\t\t\t\t\t<div class=\"e-con-inner\">\n\t\t\t\t<div class=\"elementor-element elementor-element-e963fc1 elementor-widget elementor-widget-image\" data-id=\"e963fc1\" data-element_type=\"widget\" data-e-type=\"widget\" data-widget_type=\"image.default\">\n\t\t\t\t<div class=\"elementor-widget-container\">\n\t\t\t\t\t\t\t\t\t\t\t\t\t\t\t<img fetchpriority=\"high\" decoding=\"async\" width=\"700\" height=\"305\" src=\"https:\/\/www.protea.org.br\/wp-content\/uploads\/2026\/03\/transfer-amount.jpg\" class=\"attachment-large size-large wp-image-5828\" alt=\"\" srcset=\"https:\/\/www.protea.org.br\/wp-content\/uploads\/2026\/03\/transfer-amount.jpg 700w, https:\/\/www.protea.org.br\/wp-content\/uploads\/2026\/03\/transfer-amount-300x131.jpg 300w, https:\/\/www.protea.org.br\/wp-content\/uploads\/2026\/03\/transfer-amount-18x8.jpg 18w\" sizes=\"(max-width: 700px) 100vw, 700px\" \/>\t\t\t\t\t\t\t\t\t\t\t\t\t\t\t<\/div>\n\t\t\t\t<\/div>\n\t\t\t\t<div class=\"elementor-element elementor-element-c8d648c elementor-widget elementor-widget-html\" data-id=\"c8d648c\" data-element_type=\"widget\" data-e-type=\"widget\" data-widget_type=\"html.default\">\n\t\t\t\t<div class=\"elementor-widget-container\">\n\t\t\t\t\t<div style=\"display: flex; align-items: center; gap: 10px;\">\n  <label style=\"font-weight: bold;\">PIX<\/label>\n  <input type=\"text\" id=\"pixCode\" value=\"30817976000112\" readonly style=\"padding: 8px 12px; font-size: 16px; border: 1px solid #ddd; border-radius: 6px; width: 160px;\">\n  <button onclick=\"copyPix()\" \n    style=\"background-color: black; color: white; padding: 8px 16px; font-size: 16px; border: none; border-radius: 6px; cursor: pointer;\">\n    Copy\n  <\/button>\n<\/div>\n\n<script>\nfunction copyPix() {\n  var copyText = document.getElementById(\"pixCode\");\n  copyText.select();\n  copyText.setSelectionRange(0, 99999); \/\/ para mobile\n  navigator.clipboard.writeText(copyText.value).then(function() {\n    alert(\"C\u00f3digo PIX copiado!\");\n  });\n}\n<\/script>\t\t\t\t<\/div>\n\t\t\t\t<\/div>\n\t\t\t\t\t<\/div>\n\t\t\t\t<\/div>\n\t\t\t\t<\/div>\n\t\t\t\t\t<\/div>\n\t\t<\/div>\n\t\t\t\t\t\t<\/div>\n\t\t\t\t<\/div>\n\t\t\t\t\t<\/div>\n\t\t\t\t<\/div>\n\t\t\t\t<\/div>\n\t\t\t\t\t<\/details>\n\t\t\t\t\t<\/div>\n\t\t\t\t\t\t<\/div>\n\t\t\t\t<\/div>\n\t\t\t\t<\/div>\n\t\t\t\t\t<\/div>\n\t\t\t\t<\/div>\n\t\t<div class=\"elementor-element elementor-element-2fbb8f7 e-con-full e-flex e-con e-parent\" data-id=\"2fbb8f7\" data-element_type=\"container\" data-e-type=\"container\" data-settings=\"{&quot;background_background&quot;:&quot;classic&quot;}\">\n\t\t<div class=\"elementor-element elementor-element-cfbc66e e-flex e-con-boxed e-con e-child\" data-id=\"cfbc66e\" data-element_type=\"container\" data-e-type=\"container\">\n\t\t\t\t\t<div class=\"e-con-inner\">\n\t\t<div class=\"elementor-element elementor-element-6620efd e-con-full e-flex e-con e-child\" data-id=\"6620efd\" data-element_type=\"container\" data-e-type=\"container\">\n\t\t\t\t<div class=\"elementor-element elementor-element-e6d155b elementor-widget elementor-widget-text-editor\" data-id=\"e6d155b\" data-element_type=\"widget\" data-e-type=\"widget\" data-widget_type=\"text-editor.default\">\n\t\t\t\t<div class=\"elementor-widget-container\">\n\t\t\t\t\t\t\t\t\t<p>Famous names such as Patr\u00edcia Medrado, Vera Cleto, Luciana Tella, Let\u00edcia Sobral, Eug\u00eania Maia, Claudia Faillace, Roberta Caldas, and Renata Diez attended the tournament, which included athlete-guest integration and relationship activities.<\/p><p>Acesse os links e veja o que aconteceu nos torneios do Protea Tennis Cup 2024:<\/p><p><a href=\"https:\/\/www.youtube.com\/shorts\/3dPwdcnJZSo\" target=\"_blank\" rel=\"noopener\"><strong>Quinta da Baroneza<\/strong><\/a><\/p><p><a href=\"https:\/\/www.youtube.com\/shorts\/Dnb1-bY1Rz8\" target=\"_blank\" rel=\"noopener\"><strong>Fazenda Boa Vista<\/strong><\/a><br \/><br \/><\/p>\t\t\t\t\t\t\t\t<\/div>\n\t\t\t\t<\/div>\n\t\t\t\t<\/div>\n\t\t\t\t\t<\/div>\n\t\t\t\t<\/div>\n\t\t\t\t<\/div>\n\t\t\t\t<\/div>","protected":false},"excerpt":{"rendered":"<p>Protea Tennis Cup Nos meses de abril e agosto de 2024, com dura\u00e7\u00e3o de 3 dias, o Protea e a LIAK Eventos realizaram o torneio Protea Tennis Cup para 100 tenistas. Doe PIX Copiar PIX Copiar PIX Copiar Nomes famosos como Patr\u00edcia Medrado, Vera Cleto, Luciana Tella, Let\u00edcia Sobral, Eug\u00eania Maia, Claudia Faillace, Roberta Caldas [&hellip;]<\/p>\n","protected":false},"author":6,"featured_media":0,"parent":0,"menu_order":0,"comment_status":"closed","ping_status":"closed","template":"elementor_header_footer","meta":{"iawp_total_views":66,"footnotes":""},"class_list":["post-6729","page","type-page","status-publish","hentry"],"yoast_head":"<!-- This site is optimized with the Yoast SEO plugin v27.4 - https:\/\/yoast.com\/product\/yoast-seo-wordpress\/ -->\n<title>Protea Tennis Cup - Protea<\/title>\n<meta name=\"robots\" content=\"index, follow, max-snippet:-1, max-image-preview:large, max-video-preview:-1\" \/>\n<link rel=\"canonical\" href=\"https:\/\/www.protea.org.br\/en\/protea-tennis-cup\/\" \/>\n<meta property=\"og:locale\" content=\"en_US\" \/>\n<meta property=\"og:type\" content=\"article\" \/>\n<meta property=\"og:title\" content=\"Protea Tennis Cup - Protea\" \/>\n<meta property=\"og:description\" content=\"Protea Tennis Cup Nos meses de abril e agosto de 2024, com dura\u00e7\u00e3o de 3 dias, o Protea e a LIAK Eventos realizaram o torneio Protea Tennis Cup para 100 tenistas. Doe PIX Copiar PIX Copiar PIX Copiar Nomes famosos como Patr\u00edcia Medrado, Vera Cleto, Luciana Tella, Let\u00edcia Sobral, Eug\u00eania Maia, Claudia Faillace, Roberta Caldas [&hellip;]\" \/>\n<meta property=\"og:url\" content=\"https:\/\/www.protea.org.br\/en\/protea-tennis-cup\/\" \/>\n<meta property=\"og:site_name\" content=\"Protea\" \/>\n<meta property=\"article:modified_time\" content=\"2025-09-16T20:20:15+00:00\" \/>\n<meta property=\"og:image\" content=\"https:\/\/www.protea.org.br\/wp-content\/uploads\/2025\/08\/transfira-o-valor-que-desejar.jpg\" \/>\n\t<meta property=\"og:image:width\" content=\"700\" \/>\n\t<meta property=\"og:image:height\" content=\"305\" \/>\n\t<meta property=\"og:image:type\" content=\"image\/jpeg\" \/>\n<meta name=\"twitter:card\" content=\"summary_large_image\" \/>\n<meta name=\"twitter:label1\" content=\"Est. reading time\" \/>\n\t<meta name=\"twitter:data1\" content=\"2 minutes\" \/>\n<script type=\"application\/ld+json\" class=\"yoast-schema-graph\">{\"@context\":\"https:\\\/\\\/schema.org\",\"@graph\":[{\"@type\":\"WebPage\",\"@id\":\"https:\\\/\\\/www.protea.org.br\\\/protea-tennis-cup\\\/\",\"url\":\"https:\\\/\\\/www.protea.org.br\\\/protea-tennis-cup\\\/\",\"name\":\"Protea Tennis Cup - Protea\",\"isPartOf\":{\"@id\":\"https:\\\/\\\/www.protea.org.br\\\/#website\"},\"primaryImageOfPage\":{\"@id\":\"https:\\\/\\\/www.protea.org.br\\\/protea-tennis-cup\\\/#primaryimage\"},\"image\":{\"@id\":\"https:\\\/\\\/www.protea.org.br\\\/protea-tennis-cup\\\/#primaryimage\"},\"thumbnailUrl\":\"https:\\\/\\\/www.protea.org.br\\\/wp-content\\\/uploads\\\/2025\\\/08\\\/transfira-o-valor-que-desejar.jpg\",\"datePublished\":\"2025-08-27T14:30:21+00:00\",\"dateModified\":\"2025-09-16T20:20:15+00:00\",\"breadcrumb\":{\"@id\":\"https:\\\/\\\/www.protea.org.br\\\/protea-tennis-cup\\\/#breadcrumb\"},\"inLanguage\":\"en-US\",\"potentialAction\":[{\"@type\":\"ReadAction\",\"target\":[\"https:\\\/\\\/www.protea.org.br\\\/protea-tennis-cup\\\/\"]}]},{\"@type\":\"ImageObject\",\"inLanguage\":\"en-US\",\"@id\":\"https:\\\/\\\/www.protea.org.br\\\/protea-tennis-cup\\\/#primaryimage\",\"url\":\"https:\\\/\\\/www.protea.org.br\\\/wp-content\\\/uploads\\\/2025\\\/08\\\/transfira-o-valor-que-desejar.jpg\",\"contentUrl\":\"https:\\\/\\\/www.protea.org.br\\\/wp-content\\\/uploads\\\/2025\\\/08\\\/transfira-o-valor-que-desejar.jpg\"},{\"@type\":\"BreadcrumbList\",\"@id\":\"https:\\\/\\\/www.protea.org.br\\\/protea-tennis-cup\\\/#breadcrumb\",\"itemListElement\":[{\"@type\":\"ListItem\",\"position\":1,\"name\":\"In\u00edcio\",\"item\":\"https:\\\/\\\/www.protea.org.br\\\/\"},{\"@type\":\"ListItem\",\"position\":2,\"name\":\"Protea Tennis Cup\"}]},{\"@type\":\"WebSite\",\"@id\":\"https:\\\/\\\/www.protea.org.br\\\/#website\",\"url\":\"https:\\\/\\\/www.protea.org.br\\\/\",\"name\":\"Protea\",\"description\":\"Tudo pela cura do c\u00e2ncer de mama!\",\"publisher\":{\"@id\":\"https:\\\/\\\/www.protea.org.br\\\/#organization\"},\"potentialAction\":[{\"@type\":\"SearchAction\",\"target\":{\"@type\":\"EntryPoint\",\"urlTemplate\":\"https:\\\/\\\/www.protea.org.br\\\/?s={search_term_string}\"},\"query-input\":{\"@type\":\"PropertyValueSpecification\",\"valueRequired\":true,\"valueName\":\"search_term_string\"}}],\"inLanguage\":\"en-US\"},{\"@type\":\"Organization\",\"@id\":\"https:\\\/\\\/www.protea.org.br\\\/#organization\",\"name\":\"Protea\",\"url\":\"https:\\\/\\\/www.protea.org.br\\\/\",\"logo\":{\"@type\":\"ImageObject\",\"inLanguage\":\"en-US\",\"@id\":\"https:\\\/\\\/www.protea.org.br\\\/#\\\/schema\\\/logo\\\/image\\\/\",\"url\":\"https:\\\/\\\/www.protea.org.br\\\/wp-content\\\/uploads\\\/2022\\\/04\\\/protea-logotipo.png\",\"contentUrl\":\"https:\\\/\\\/www.protea.org.br\\\/wp-content\\\/uploads\\\/2022\\\/04\\\/protea-logotipo.png\",\"width\":1222,\"height\":363,\"caption\":\"Protea\"},\"image\":{\"@id\":\"https:\\\/\\\/www.protea.org.br\\\/#\\\/schema\\\/logo\\\/image\\\/\"}}]}<\/script>\n<!-- \/ Yoast SEO plugin. -->","yoast_head_json":{"title":"Protea Tennis Cup - Protea","robots":{"index":"index","follow":"follow","max-snippet":"max-snippet:-1","max-image-preview":"max-image-preview:large","max-video-preview":"max-video-preview:-1"},"canonical":"https:\/\/www.protea.org.br\/en\/protea-tennis-cup\/","og_locale":"en_US","og_type":"article","og_title":"Protea Tennis Cup - Protea","og_description":"Protea Tennis Cup Nos meses de abril e agosto de 2024, com dura\u00e7\u00e3o de 3 dias, o Protea e a LIAK Eventos realizaram o torneio Protea Tennis Cup para 100 tenistas. Doe PIX Copiar PIX Copiar PIX Copiar Nomes famosos como Patr\u00edcia Medrado, Vera Cleto, Luciana Tella, Let\u00edcia Sobral, Eug\u00eania Maia, Claudia Faillace, Roberta Caldas [&hellip;]","og_url":"https:\/\/www.protea.org.br\/en\/protea-tennis-cup\/","og_site_name":"Protea","article_modified_time":"2025-09-16T20:20:15+00:00","og_image":[{"width":700,"height":305,"url":"https:\/\/www.protea.org.br\/wp-content\/uploads\/2025\/08\/transfira-o-valor-que-desejar.jpg","type":"image\/jpeg"}],"twitter_card":"summary_large_image","twitter_misc":{"Est. reading time":"2 minutes"},"schema":{"@context":"https:\/\/schema.org","@graph":[{"@type":"WebPage","@id":"https:\/\/www.protea.org.br\/protea-tennis-cup\/","url":"https:\/\/www.protea.org.br\/protea-tennis-cup\/","name":"Protea Tennis Cup - Protea","isPartOf":{"@id":"https:\/\/www.protea.org.br\/#website"},"primaryImageOfPage":{"@id":"https:\/\/www.protea.org.br\/protea-tennis-cup\/#primaryimage"},"image":{"@id":"https:\/\/www.protea.org.br\/protea-tennis-cup\/#primaryimage"},"thumbnailUrl":"https:\/\/www.protea.org.br\/wp-content\/uploads\/2025\/08\/transfira-o-valor-que-desejar.jpg","datePublished":"2025-08-27T14:30:21+00:00","dateModified":"2025-09-16T20:20:15+00:00","breadcrumb":{"@id":"https:\/\/www.protea.org.br\/protea-tennis-cup\/#breadcrumb"},"inLanguage":"en-US","potentialAction":[{"@type":"ReadAction","target":["https:\/\/www.protea.org.br\/protea-tennis-cup\/"]}]},{"@type":"ImageObject","inLanguage":"en-US","@id":"https:\/\/www.protea.org.br\/protea-tennis-cup\/#primaryimage","url":"https:\/\/www.protea.org.br\/wp-content\/uploads\/2025\/08\/transfira-o-valor-que-desejar.jpg","contentUrl":"https:\/\/www.protea.org.br\/wp-content\/uploads\/2025\/08\/transfira-o-valor-que-desejar.jpg"},{"@type":"BreadcrumbList","@id":"https:\/\/www.protea.org.br\/protea-tennis-cup\/#breadcrumb","itemListElement":[{"@type":"ListItem","position":1,"name":"In\u00edcio","item":"https:\/\/www.protea.org.br\/"},{"@type":"ListItem","position":2,"name":"Protea Tennis Cup"}]},{"@type":"WebSite","@id":"https:\/\/www.protea.org.br\/#website","url":"https:\/\/www.protea.org.br\/","name":"The Protea","description":"Tudo pela cura do c\u00e2ncer de mama!","publisher":{"@id":"https:\/\/www.protea.org.br\/#organization"},"potentialAction":[{"@type":"SearchAction","target":{"@type":"EntryPoint","urlTemplate":"https:\/\/www.protea.org.br\/?s={search_term_string}"},"query-input":{"@type":"PropertyValueSpecification","valueRequired":true,"valueName":"search_term_string"}}],"inLanguage":"en-US"},{"@type":"Organization","@id":"https:\/\/www.protea.org.br\/#organization","name":"The Protea","url":"https:\/\/www.protea.org.br\/","logo":{"@type":"ImageObject","inLanguage":"en-US","@id":"https:\/\/www.protea.org.br\/#\/schema\/logo\/image\/","url":"https:\/\/www.protea.org.br\/wp-content\/uploads\/2022\/04\/protea-logotipo.png","contentUrl":"https:\/\/www.protea.org.br\/wp-content\/uploads\/2022\/04\/protea-logotipo.png","width":1222,"height":363,"caption":"Protea"},"image":{"@id":"https:\/\/www.protea.org.br\/#\/schema\/logo\/image\/"}}]}},"_links":{"self":[{"href":"https:\/\/www.protea.org.br\/en\/wp-json\/wp\/v2\/pages\/6729","targetHints":{"allow":["GET"]}}],"collection":[{"href":"https:\/\/www.protea.org.br\/en\/wp-json\/wp\/v2\/pages"}],"about":[{"href":"https:\/\/www.protea.org.br\/en\/wp-json\/wp\/v2\/types\/page"}],"author":[{"embeddable":true,"href":"https:\/\/www.protea.org.br\/en\/wp-json\/wp\/v2\/users\/6"}],"replies":[{"embeddable":true,"href":"https:\/\/www.protea.org.br\/en\/wp-json\/wp\/v2\/comments?post=6729"}],"version-history":[{"count":10,"href":"https:\/\/www.protea.org.br\/en\/wp-json\/wp\/v2\/pages\/6729\/revisions"}],"predecessor-version":[{"id":7513,"href":"https:\/\/www.protea.org.br\/en\/wp-json\/wp\/v2\/pages\/6729\/revisions\/7513"}],"wp:attachment":[{"href":"https:\/\/www.protea.org.br\/en\/wp-json\/wp\/v2\/media?parent=6729"}],"curies":[{"name":"wp","href":"https:\/\/api.w.org\/{rel}","templated":true}]}}